{"id":13,"date":"2020-01-12T19:58:47","date_gmt":"2020-01-12T18:58:47","guid":{"rendered":"http:\/\/localhost:8082\/?page_id=13"},"modified":"2020-02-13T13:03:29","modified_gmt":"2020-02-13T12:03:29","slug":"ueber-uns","status":"publish","type":"page","link":"https:\/\/www.richal.at\/?page_id=13","title":{"rendered":"\u00dcber uns"},"content":{"rendered":"\n<div class=\"wp-block-image\"><figure class=\"aligncenter size-large is-resized\"><img loading=\"lazy\" decoding=\"async\" src=\"https:\/\/www.richal.at\/wp-content\/uploads\/2020\/01\/DSC07673.jpg\" alt=\"\" class=\"wp-image-42\" width=\"673\" height=\"504\" srcset=\"https:\/\/www.richal.at\/wp-content\/uploads\/2020\/01\/DSC07673.jpg 1000w, https:\/\/www.richal.at\/wp-content\/uploads\/2020\/01\/DSC07673-300x225.jpg 300w, https:\/\/www.richal.at\/wp-content\/uploads\/2020\/01\/DSC07673-768x576.jpg 768w\" sizes=\"auto, (max-width: 673px) 100vw, 673px\" \/><figcaption>Verona 2019 <em>(Foto Chaloupka)<\/em><\/figcaption><\/figure><\/div>\n\n\n\n<p class=\"has-text-align-center\">Aller Anfang ist schwer! Der Weg hierher war nicht immer so farbenfroh, geradlinig und einfach f\u00fcr uns. Aber wir w\u00fcrden um keinen Preis der Welt etwas daran \u00e4ndern. Unsere Erfahrungen haben uns zu dem gemacht, was wir heute sind.<\/p>\n\n\n\n<p>Wir sind weit gereist und haben uns auch in der N\u00e4he umgesehen &#8211; der gemeinsame Gedankenaustausch, der Spa\u00df am Ausprobieren und Neues entdecken hat uns weiter gebracht. <\/p>\n\n\n\n<p>Wir k\u00f6nnen davon berichten und unsere Erfahrungen in der Welt der Mobilit\u00e4t einbringen.<\/p>\n\n\n\n<div class=\"wp-block-group alignwide\"><div class=\"wp-block-group__inner-container is-layout-flow wp-block-group-is-layout-flow\">\n<div class=\"wp-block-group\"><div class=\"wp-block-group__inner-container is-layout-flow wp-block-group-is-layout-flow\">\n<div class=\"wp-block-group\"><div class=\"wp-block-group__inner-container is-layout-flow wp-block-group-is-layout-flow\">\n<figure class=\"wp-block-gallery columns-2 is-cropped wp-block-gallery-1 is-layout-flex wp-block-gallery-is-layout-flex\"><ul class=\"blocks-gallery-grid\"><li class=\"blocks-gallery-item\"><figure><img loading=\"lazy\" decoding=\"async\" width=\"1000\" height=\"750\" src=\"https:\/\/www.richal.at\/wp-content\/uploads\/2020\/01\/DSC06712.jpg\" alt=\"\" data-id=\"40\" data-full-url=\"https:\/\/www.richal.at\/wp-content\/uploads\/2020\/01\/DSC06712.jpg\" data-link=\"https:\/\/www.richal.at\/?attachment_id=40\" class=\"wp-image-40\" srcset=\"https:\/\/www.richal.at\/wp-content\/uploads\/2020\/01\/DSC06712.jpg 1000w, https:\/\/www.richal.at\/wp-content\/uploads\/2020\/01\/DSC06712-300x225.jpg 300w, https:\/\/www.richal.at\/wp-content\/uploads\/2020\/01\/DSC06712-768x576.jpg 768w\" sizes=\"auto, (max-width: 1000px) 100vw, 1000px\" \/><figcaption class=\"blocks-gallery-item__caption\">N\u00e4he Simonstown SA<br> <em>(Foto Chaloupka)<\/em><\/figcaption><\/figure><\/li><li class=\"blocks-gallery-item\"><figure><img loading=\"lazy\" decoding=\"async\" width=\"1000\" height=\"750\" src=\"https:\/\/www.richal.at\/wp-content\/uploads\/2020\/01\/DSC04136.jpg\" alt=\"\" data-id=\"38\" data-full-url=\"https:\/\/www.richal.at\/wp-content\/uploads\/2020\/01\/DSC04136.jpg\" data-link=\"https:\/\/www.richal.at\/?attachment_id=38\" class=\"wp-image-38\" srcset=\"https:\/\/www.richal.at\/wp-content\/uploads\/2020\/01\/DSC04136.jpg 1000w, https:\/\/www.richal.at\/wp-content\/uploads\/2020\/01\/DSC04136-300x225.jpg 300w, https:\/\/www.richal.at\/wp-content\/uploads\/2020\/01\/DSC04136-768x576.jpg 768w\" sizes=\"auto, (max-width: 1000px) 100vw, 1000px\" \/><figcaption class=\"blocks-gallery-item__caption\">Bewegungspark 1020 Wien <br><em>(Foto Chaloupka)<\/em><\/figcaption><\/figure><\/li><\/ul><\/figure>\n<\/div><\/div>\n<\/div><\/div>\n<\/div><\/div>\n\n\n\n<div class=\"wp-block-group\"><div class=\"wp-block-group__inner-container is-layout-flow wp-block-group-is-layout-flow\">\n<p class=\"has-text-align-center has-large-font-size\"><strong>Wir<\/strong>, das sind:<\/p>\n\n\n\n<figure class=\"wp-block-table\"><table class=\"has-fixed-layout\"><tbody><tr><td class=\"has-text-align-center\" data-align=\"center\"><strong><em>Ralf Risser<\/em><\/strong><br>Verkehrspsychologe gem. <br>\u00a7 20 FSG-GV und -soziologe,<br>allg. beeid. u. ger. zertifizierter SV f\u00fcr Verkehrspsychologie,<br> Univ.Prof. Palacky University, Olomouc, Czech Republic<\/td><td class=\"has-text-align-center\" data-align=\"center\"><strong><em>Christine Chaloupka<\/em><\/strong><br>Verkehrspsychologin gem. <br>\u00a7 20 FSG-GV,<br>Gesundheits- und Klinische Psychologin,<br>Waffenverl\u00e4sslichkeits-begutachterin<\/td><\/tr><\/tbody><\/table><\/figure>\n<\/div><\/div>\n\n\n\n<div class=\"wp-block-group\"><div class=\"wp-block-group__inner-container is-layout-flow wp-block-group-is-layout-flow\">\n<p>Uns verbindet die gemeinsame Neugier &#8211; das Erforschen vor allem der Mobilit\u00e4tsm\u00f6glichkeiten, &#8211; erfordernisse und -beeintr\u00e4chtigungen von jung und alt. Dazu kommt der Wunsch, L\u00f6sungen f\u00fcr diese Fragen, m\u00f6glichst gemeinsam mit Betroffenen zu erarbeiten. &#8222;Kochrezepte&#8220; gibt es dabei aber keine &#8211; alle Ergebnisse sind individuell am Einzelfall orientiert.<\/p>\n<\/div><\/div>\n\n\n\n<div class=\"wp-block-columns is-layout-flex wp-container-core-columns-is-layout-9d6595d7 wp-block-columns-is-layout-flex\">\n<div class=\"wp-block-column is-layout-flow wp-block-column-is-layout-flow\">\n<p>Ich war seit den 1980er-Jahren mit Verkehr und Mobilit\u00e4t aus psychologischer Perspektive t\u00e4tig. \u2013 <strong>Verkehr ist Verhalten<\/strong>,  <strong>Mobilit\u00e4t ist Verhalten.<\/strong> Forschung und Entwicklung von Ma\u00dfnahmen waren und sind auf das Erzielen nachhaltigen Mobilit\u00e4tsverhaltens aus-gerichtet, wobei die Konzentration sich auf die Vorteile richtet, die solches Verhalten f\u00fcr das Individuum mit sich bringt. <\/p>\n\n\n\n<blockquote class=\"wp-block-quote is-layout-flow wp-block-quote-is-layout-flow\"><p><strong>Sich nachhaltig zu bewegen soll f\u00fcr den\/die Einzelne eine Freude und einen Gewinn darstellen.<\/strong><\/p><\/blockquote>\n\n\n\n<p>Sicherheit und Lebensqualit\u00e4t im Stra\u00dfenverkehr f\u00fcr alle Generationen stehen im         Mittelpunkt.<\/p>\n\n\n\n<h4 class=\"wp-block-heading\"><strong>Meine Angebote:<\/strong><\/h4>\n\n\n\n<p>Waren es bisher Forschung- und         Entwicklungsarbeiten so         befasse ich mich jetzt in der sp\u00e4teren Phase meiner Karriere mit der <strong><em>Lehre<\/em><\/strong>, mit dem <strong><em>Mentoring j\u00fcngerer Forscher und Praktiker<\/em><\/strong> in meinem Fachbereich, und mit der <em><strong>Beratung von Institutionen<\/strong>.<\/em><\/p>\n\n\n\n<figure class=\"wp-block-image size-large\"><img loading=\"lazy\" decoding=\"async\" width=\"1000\" height=\"750\" src=\"https:\/\/www.richal.at\/wp-content\/uploads\/2020\/02\/DSC06942.jpg\" alt=\"\" class=\"wp-image-169\" srcset=\"https:\/\/www.richal.at\/wp-content\/uploads\/2020\/02\/DSC06942.jpg 1000w, https:\/\/www.richal.at\/wp-content\/uploads\/2020\/02\/DSC06942-300x225.jpg 300w, https:\/\/www.richal.at\/wp-content\/uploads\/2020\/02\/DSC06942-768x576.jpg 768w\" sizes=\"auto, (max-width: 1000px) 100vw, 1000px\" \/><figcaption>ICTCT Workshop Lund 2016 (<em>Foto Chaloupka<\/em>)<\/figcaption><\/figure>\n\n\n\n<p>Als <em><strong>allgemein beeideter und gerichtlich zertifizierter Sach-verst\u00e4ndiger in Verkehrspsychologie<\/strong><\/em> unterst\u00fctze ich jene Gerichtsverfahren, in denen der Faktor Mensch im Stra\u00dfenverkehr Fragen aufwirft.<\/p>\n\n\n\n<blockquote class=\"wp-block-quote is-layout-flow wp-block-quote-is-layout-flow\"><p><strong>Mein Motto <\/strong>war und ist jedenfalls: Ohne die         Beteiligung der Psychologie und der Sozialwissenschaften wird es nicht gelingen, in der         Population gen\u00fcgend weit verbreitete nachhaltige Mobilit\u00e4t zu erzielen, die         unter anderem n\u00f6tig ist, um der globalen Erw\u00e4rmung Einhalt zu gebieten. Die         Technik (allein) wird\u2019s nicht schaffen.<\/p><\/blockquote>\n\n\n\n<figure class=\"wp-block-image size-large\"><img loading=\"lazy\" decoding=\"async\" width=\"750\" height=\"1000\" src=\"https:\/\/www.richal.at\/wp-content\/uploads\/2020\/02\/DSC09989.jpg\" alt=\"\" class=\"wp-image-171\" srcset=\"https:\/\/www.richal.at\/wp-content\/uploads\/2020\/02\/DSC09989.jpg 750w, https:\/\/www.richal.at\/wp-content\/uploads\/2020\/02\/DSC09989-225x300.jpg 225w\" sizes=\"auto, (max-width: 750px) 100vw, 750px\" \/><figcaption>Capetown, Ingenieure der Uni Stellenbosh in der Feldbegehung 2017 (<em>Foto Chaloupka)<\/em><\/figcaption><\/figure>\n\n\n\n<p><\/p>\n<\/div>\n\n\n\n<div class=\"wp-block-column is-layout-flow wp-block-column-is-layout-flow\">\n<p>Ich blicke auf viele Jahrzehnte lange Arbeit im Bereich der allgemeinen Verkehrspsycho-logischen Diagnostik und Nachschulung zur\u00fcck. <\/p>\n\n\n\n<p>Mein aktueller Schwerpunkt liegt neben der Forschung in der Erhebung der Mobilit\u00e4ts-m\u00f6glichkeiten von speziellen Personen: diejenigen, die entsprechend F\u00fchrerschein-gesetz (FSG-Gesundheits-verordnung) in die Gruppe der neurologisch\/psychiatrischen Klienten fallen. <\/p>\n\n\n\n<p>Ich gehe der Frage nach, ob sie ein Kraftfahrzeug noch selbst lenken k\u00f6nnen, ob sich f\u00fcr vorhandene psychophysische Leistungsausf\u00e4lle Kompen- sationsm\u00f6glichkeiten finden. Speziell f\u00fcr <strong>\u00e4ltere KlientInnen<\/strong> kann dies zutreffen. Gerade f\u00fcr sie ist es wichtig, selbst\u00e4ndig mobil zu bleiben. <\/p>\n\n\n\n<figure class=\"wp-block-image size-large\"><img loading=\"lazy\" decoding=\"async\" width=\"1024\" height=\"524\" src=\"https:\/\/www.richal.at\/wp-content\/uploads\/2020\/01\/Seniorin_INFAR_transparent-1024x524.jpg\" alt=\"\" class=\"wp-image-97\" srcset=\"https:\/\/www.richal.at\/wp-content\/uploads\/2020\/01\/Seniorin_INFAR_transparent-1024x524.jpg 1024w, https:\/\/www.richal.at\/wp-content\/uploads\/2020\/01\/Seniorin_INFAR_transparent-300x154.jpg 300w, https:\/\/www.richal.at\/wp-content\/uploads\/2020\/01\/Seniorin_INFAR_transparent-768x393.jpg 768w, https:\/\/www.richal.at\/wp-content\/uploads\/2020\/01\/Seniorin_INFAR_transparent-1536x786.jpg 1536w, https:\/\/www.richal.at\/wp-content\/uploads\/2020\/01\/Seniorin_INFAR_transparent-1200x614.jpg 1200w, https:\/\/www.richal.at\/wp-content\/uploads\/2020\/01\/Seniorin_INFAR_transparent.jpg 1628w\" sizes=\"auto, (max-width: 1024px) 100vw, 1024px\" \/><figcaption>Auch als SeniorIn selbst\u00e4ndig mobil<\/figcaption><\/figure>\n\n\n\n<h4 class=\"wp-block-heading\"><strong>Mein Angebote:<\/strong><\/h4>\n\n\n\n<p>Einen Teil meiner T\u00e4tigkeit stellt die Durchf\u00fchrung von <em><strong>Waffenverl\u00e4sslichkeitsbegutach-tungen<\/strong><\/em> dar.<\/p>\n\n\n\n<p>Weiters setze ich spezielle Testverfahren zur<strong> <em>Messung der kraftfahrspezifischen F\u00e4higkeiten<\/em><\/strong> ein. Ich arbeite computer-gest\u00fctzt, mit Papier und Bleistift Tests oder Bildvorlagen am Tisch speziell f\u00fcr Personen mit besonderen Bed\u00fcrfnissen &#8211; je nach Anlassfall. <\/p>\n\n\n\n<p>Vor allem der Exploration und der Anamnese, dem Gespr\u00e4ch sozusagen, messe ich erh\u00f6hten Stellenwert bei. Dazu nehme ich mir entsprechende Zeit.<\/p>\n\n\n\n<p>Unter <strong><em>m\u00f6glichem Einbezug von Angeh\u00f6rigen<\/em> <\/strong>versuche ich, ein umfassenderes Bild der Mobilit\u00e4tsproblematik zu erhalten.<\/p>\n\n\n\n<p>Bestandteil der Diagnostik ist die <strong><em>individuelle Beratung<\/em> <\/strong>hinsichtlich geeigneter Ma\u00dfnahmen zur Erhaltung der individuellen Alltagsmobilit\u00e4t. Die Ber\u00fcck-sichtigung des sozialen Umfelds sowie von Kompensations-m\u00f6glichkeiten f\u00fcr vorhandene Leistungsbeeintr\u00e4chtigungen der KlientInnen spielen dabei eine gro\u00dfe Rolle.<\/p>\n<\/div>\n<\/div>\n\n\n\n<figure class=\"wp-block-gallery alignfull columns-1 is-cropped wp-block-gallery-2 is-layout-flex wp-block-gallery-is-layout-flex\"><ul class=\"blocks-gallery-grid\"><li class=\"blocks-gallery-item\"><figure><img loading=\"lazy\" decoding=\"async\" width=\"1024\" height=\"337\" src=\"https:\/\/www.richal.at\/wp-content\/uploads\/2020\/01\/INFAR_top-image-1-1024x337.jpg\" alt=\"\" data-id=\"99\" data-full-url=\"https:\/\/www.richal.at\/wp-content\/uploads\/2020\/01\/INFAR_top-image-1-scaled.jpg\" data-link=\"https:\/\/www.richal.at\/?attachment_id=99\" class=\"wp-image-99\" srcset=\"https:\/\/www.richal.at\/wp-content\/uploads\/2020\/01\/INFAR_top-image-1-1024x337.jpg 1024w, https:\/\/www.richal.at\/wp-content\/uploads\/2020\/01\/INFAR_top-image-1-300x99.jpg 300w, https:\/\/www.richal.at\/wp-content\/uploads\/2020\/01\/INFAR_top-image-1-768x253.jpg 768w, https:\/\/www.richal.at\/wp-content\/uploads\/2020\/01\/INFAR_top-image-1-1536x506.jpg 1536w, https:\/\/www.richal.at\/wp-content\/uploads\/2020\/01\/INFAR_top-image-1-2048x675.jpg 2048w, https:\/\/www.richal.at\/wp-content\/uploads\/2020\/01\/INFAR_top-image-1-1200x395.jpg 1200w, https:\/\/www.richal.at\/wp-content\/uploads\/2020\/01\/INFAR_top-image-1-1980x652.jpg 1980w\" sizes=\"auto, (max-width: 1024px) 100vw, 1024px\" \/><\/figure><\/li><\/ul><figcaption class=\"blocks-gallery-caption\"><strong>Ob zu Fu\u00df, mit dem Fahrrad oder als LenkerIn von Kraftfahrzeugen &#8211; wir halten Sie in Bewegung<\/strong><\/figcaption><\/figure>\n\n\n\n<p><\/p>\n","protected":false},"excerpt":{"rendered":"<p>Aller Anfang ist schwer! Der Weg hierher war nicht immer so farbenfroh, geradlinig und einfach f\u00fcr uns. Aber wir w\u00fcrden um keinen Preis der Welt etwas daran \u00e4ndern. Unsere Erfahrungen haben uns zu dem gemacht, was wir heute sind. Wir sind weit gereist und haben uns auch in der N\u00e4he umgesehen &#8211; der gemeinsame Gedankenaustausch, [&hellip;]<\/p>\n","protected":false},"author":1,"featured_media":0,"parent":0,"menu_order":0,"comment_status":"closed","ping_status":"closed","template":"","meta":{"footnotes":""},"class_list":["post-13","page","type-page","status-publish","hentry"],"_links":{"self":[{"href":"https:\/\/www.richal.at\/index.php?rest_route=\/wp\/v2\/pages\/13","targetHints":{"allow":["GET"]}}],"collection":[{"href":"https:\/\/www.richal.at\/index.php?rest_route=\/wp\/v2\/pages"}],"about":[{"href":"https:\/\/www.richal.at\/index.php?rest_route=\/wp\/v2\/types\/page"}],"author":[{"embeddable":true,"href":"https:\/\/www.richal.at\/index.php?rest_route=\/wp\/v2\/users\/1"}],"replies":[{"embeddable":true,"href":"https:\/\/www.richal.at\/index.php?rest_route=%2Fwp%2Fv2%2Fcomments&post=13"}],"version-history":[{"count":24,"href":"https:\/\/www.richal.at\/index.php?rest_route=\/wp\/v2\/pages\/13\/revisions"}],"predecessor-version":[{"id":183,"href":"https:\/\/www.richal.at\/index.php?rest_route=\/wp\/v2\/pages\/13\/revisions\/183"}],"wp:attachment":[{"href":"https:\/\/www.richal.at\/index.php?rest_route=%2Fwp%2Fv2%2Fmedia&parent=13"}],"curies":[{"name":"wp","href":"https:\/\/api.w.org\/{rel}","templated":true}]}}