{"id":3,"date":"2020-01-12T19:56:12","date_gmt":"2020-01-12T18:56:12","guid":{"rendered":"http:\/\/localhost:8082\/?page_id=3"},"modified":"2020-02-12T19:03:54","modified_gmt":"2020-02-12T18:03:54","slug":"datenschutzerklaerung","status":"publish","type":"page","link":"https:\/\/www.richal.at\/?page_id=3","title":{"rendered":"Datenschutzerkl\u00e4rung"},"content":{"rendered":"\n<h2 class=\"wp-block-heading\">Wer wir sind<\/h2>\n\n\n\n<p>Die Adresse unserer Website ist: http:\/\/localhost:8082.<\/p>\n\n\n\n<h2 class=\"wp-block-heading\">Welche personenbezogenen Daten wir sammeln und warum wir sie sammeln<\/h2>\n\n\n\n<h3 class=\"wp-block-heading\">Kommentare<\/h3>\n\n\n\n<p>Wenn Besucher Kommentare auf der Website schreiben, sammeln wir die Daten, die im Kommentar-Formular angezeigt werden, au\u00dferdem die IP-Adresse des Besuchers und den User-Agent-String (damit wird der Browser identifiziert), um die Erkennung von Spam zu unterst\u00fctzen.<\/p>\n\n\n\n<p>Aus deiner E-Mail-Adresse kann eine anonymisierte Zeichenfolge erstellt (auch Hash genannt) und dem Gravatar-Dienst \u00fcbergeben werden, um zu pr\u00fcfen, ob du diesen benutzt. Die Datenschutzerkl\u00e4rung des Gravatar-Dienstes findest du hier: https:\/\/automattic.com\/privacy\/. Nachdem dein Kommentar freigegeben wurde, ist dein Profilbild \u00f6ffentlich im Kontext deines Kommentars sichtbar.<\/p>\n\n\n\n<h3 class=\"wp-block-heading\"><\/h3>\n\n\n\n<p><\/p>\n\n\n\n<h3 class=\"wp-block-heading\">Kontaktformulare<\/h3>\n\n\n\n<h3 class=\"wp-block-heading\">Cookies<\/h3>\n\n\n\n<p>Wenn du einen Kommentar auf unserer Website schreibst, kann das eine Einwilligung sein, deinen Namen, E-Mail-Adresse und Website in Cookies zu speichern. Dies ist eine Komfortfunktion, damit du nicht, wenn du einen weiteren Kommentar schreibst, all diese Daten erneut eingeben musst. Diese Cookies werden ein Jahr lang gespeichert.<\/p>\n\n\n\n<p>Falls du ein Konto hast und dich auf dieser Website anmeldest, werden wir ein tempor\u00e4res Cookie setzen, um festzustellen, ob dein Browser Cookies akzeptiert. Dieses Cookie enth\u00e4lt keine personenbezogenen Daten und wird verworfen, wenn du deinen Browser schlie\u00dft.<\/p>\n\n\n\n<p>Wenn du dich anmeldest, werden wir einige Cookies einrichten, um deine Anmeldeinformationen und Anzeigeoptionen zu speichern. Anmelde-Cookies verfallen nach zwei Tagen und Cookies f\u00fcr die Anzeigeoptionen nach einem Jahr. Falls du bei der Anmeldung \u201eAngemeldet bleiben\u201c ausw\u00e4hlst, wird deine Anmeldung zwei Wochen lang aufrechterhalten. Mit der Abmeldung aus deinem Konto werden die Anmelde-Cookies gel\u00f6scht.<\/p>\n\n\n\n<p>Wenn du einen Artikel bearbeitest oder ver\u00f6ffentlichst, wird ein zus\u00e4tzlicher Cookie in deinem Browser gespeichert. Dieser Cookie enth\u00e4lt keine personenbezogenen Daten und verweist nur auf die Beitrags-ID des Artikels, den du gerade bearbeitet hast. Der Cookie verf\u00e4llt nach einem Tag.<\/p>\n\n\n\n<h3 class=\"wp-block-heading\">Eingebettete Inhalte von anderen Websites<\/h3>\n\n\n\n<p>Beitr\u00e4ge auf dieser Website k\u00f6nnen eingebettete Inhalte beinhalten (z.&nbsp;B. Videos, Bilder, Beitr\u00e4ge etc.). Eingebettete Inhalte von anderen Websites verhalten sich exakt so, als ob der Besucher die andere Website besucht h\u00e4tte.<\/p>\n\n\n\n<p>Diese Websites k\u00f6nnen Daten \u00fcber dich sammeln, Cookies benutzen, zus\u00e4tzliche Tracking-Dienste von Dritten einbetten und deine Interaktion mit diesem eingebetteten Inhalt aufzeichnen, inklusive deiner Interaktion mit dem eingebetteten Inhalt, falls du ein Konto hast und auf dieser Website angemeldet bist.<\/p>\n\n\n\n<h2 class=\"wp-block-heading\">Wie lange wir deine Daten speichern<\/h2>\n\n\n\n<p>Wenn du einen Kommentar schreibst, wird dieser inklusive Metadaten zeitlich unbegrenzt gespeichert. Auf diese Art k\u00f6nnen wir Folgekommentare automatisch erkennen und freigeben, anstelle sie in einer Moderations-Warteschlange festzuhalten.<\/p>\n\n\n\n<p>F\u00fcr Benutzer, die sich auf unserer Website registrieren, speichern wir zus\u00e4tzlich die pers\u00f6nlichen Informationen, die sie in ihren Benutzerprofilen angeben. Alle Benutzer k\u00f6nnen jederzeit ihre pers\u00f6nlichen Informationen einsehen, ver\u00e4ndern oder l\u00f6schen (der Benutzername kann nicht ver\u00e4ndert werden). Administratoren der Website k\u00f6nnen diese Informationen ebenfalls einsehen und ver\u00e4ndern.<\/p>\n\n\n\n<h2 class=\"wp-block-heading\">Welche Rechte du an deinen Daten hast<\/h2>\n\n\n\n<p>Wenn du ein Konto auf dieser Website besitzt oder Kommentare geschrieben hast, kannst du einen Export deiner personenbezogenen Daten bei uns anfordern, inklusive aller Daten, die du uns mitgeteilt hast. Dar\u00fcber hinaus kannst du die L\u00f6schung aller personenbezogenen Daten, die wir von dir gespeichert haben, anfordern. Dies umfasst nicht die Daten, die wir aufgrund administrativer, rechtlicher oder sicherheitsrelevanter Notwendigkeiten aufbewahren m\u00fcssen.<\/p>\n\n\n\n<h2 class=\"wp-block-heading\">Wohin wir deine Daten senden<\/h2>\n\n\n\n<p>Besucher-Kommentare k\u00f6nnten von einem automatisierten Dienst zur Spam-Erkennung untersucht werden.<\/p>\n\n\n\n<h2 class=\"wp-block-heading\">Nutzungbedingungen<\/h2>\n\n\n\n<p> Bitte lesen Sie dieses Dokument sorgf\u00e4ltig durch, bevor Sie auf die  gesamte Website zugreifen. Die Nutzung der Website setzt Ihr  Einverst\u00e4ndnis mit den folgenden Nutzungsbedingungen voraus. Wenn Sie  mit den Nutzungsbedingungen nicht einverstanden sind, d\u00fcrfen Sie nicht  auf die Website zugreifen. <\/p>\n\n\n\n<h2 class=\"wp-block-heading\">Impressum<\/h2>\n\n\n\n<p>Dr. Christine Chaloupka und Dr. Ralf Risser, Lange Allee 71\/13a, 1220 Wien<\/p>\n\n\n\n<h2 class=\"wp-block-heading\">Copyright<\/h2>\n\n\n\n<p>Der gesamte Inhalt (Texte, Bilder, Illustrationen, Grafiken) der  Website unterliegt dem Urheberrecht und anderen  Gesetzen zum Schutze geistigen Eigentums. Falls nichts anders  angegeben, ist niemand berechtigt, irgendwelche Informationen dieser  Website zu kopieren oder wieder zu ver\u00f6ffentlichen. Die dargestellten  Inhalte dieser Website d\u00fcrfen in keiner Weise kopiert, reproduziert,  wieder ver\u00f6ffentlicht, herunterladen, verschickt, \u00fcbertragen oder verteilt werden. Ausschlie\u00dflich f\u00fcr den nicht kommerziellen Eigengebrauch ist das Herunterladen von Informationen auf einen Computer gestattet, unter der Bedingung, dass das Urheberrecht und die anderen  Eigentumsvorbehalte beachtet werden. Ausnahmen von der Regelung sind  ausdr\u00fccklich durch den Hinweis \u201cDownload\u201d gekennzeichnet und sind mit der entsprechenden Download-Funktionalit\u00e4t hinterlegt.<\/p>\n\n\n\n<h2 class=\"wp-block-heading\"><strong>Haftungsbeschr\u00e4nkung<\/strong> <\/h2>\n\n\n\n<p>Wir haben keinerlei Kontrolle \u00fcber den Inhalt von Websites die  au\u00dferhalb unserer Website liegen auf welche direkt oder indirekt durch  \u201cHyperlinks\u201d Verweisen wurde. Wir erkl\u00e4ren hiermit, dass  zum Zeitpunkt der Linksetzung keine illegalen Inhalte auf den zu  verlinkenden Seiten erkennbar waren. Auf die aktuelle und zuk\u00fcnftige  Gestaltung, die Inhalte oder die Urheberschaft der  verlinkten\/verkn\u00fcpften Seiten haben wir keinerlei Einfluss. Deshalb  distanzieren wir uns sich hiermit ausdr\u00fccklich von allen Inhalten aller  verlinkten \/verkn\u00fcpften Seiten, die nach der Linksetzung ver\u00e4ndert  wurden. F\u00fcr illegale, fehlerhafte oder unvollst\u00e4ndige Inhalte und  insbesondere f\u00fcr Sch\u00e4den, die aus der Nutzung oder Nichtnutzung  solcherart dargebotener Informationen entstehen, haftet allein der  Anbieter der Seite, auf welche verwiesen wurde, nicht derjenige, der  \u00fcber Links auf die jeweilige Ver\u00f6ffentlichung lediglich verweist.<\/p>\n\n\n\n<p>Die Website wird von Ihnen auf Ihr eigenes Risiko genutzt. Wir sind nicht f\u00fcr Sch\u00e4den verantwortlich, die Ihnen oder Dritten durch  die Verwendung der Website entstehen. In jedem Fall ist unsere Haftung   f\u00fcr Einkommensausf\u00e4lle oder entgangenen Gewinn, Verlust von Daten  f\u00fcr direkte oder indirekte Sch\u00e4den, gleich welcher Art, ausgeschlossen.  Wir haften nicht f\u00fcr Sch\u00e4den, die sich aus der Nutzung unserer Website oder in Verbindung mit der Nutzung, der Unm\u00f6glichkeit der  Nutzung oder den Ergebnissen der Nutzung dieser Website, aller mit  dieser Website verbundenen Websites oder dem Inhalt solcher  Websites, einschlie\u00dflich, jedoch nicht beschr\u00e4nkt auf Sch\u00e4den die durch  Fehler, Verz\u00f6gerungen oder Unterbrechungen in der \u00dcbermittlung, bei  St\u00f6rungen der technischen Anlagen und des Services, unrichtige Inhalte,  Verlust oder L\u00f6schung von Daten entstehen. Sowie Verluste oder Sch\u00e4den  durch Virenbefall Ihrer Computerausstattung, Software, Daten oder  anderer Verm\u00f6genswerte, die durch Zugriff, Nutzung oder Browsen auf dieser Website oder durch das Herunterladen von Inhalten dieser Website oder anderen, mit dieser Website verbundenen  Websites verursacht werden. Dies gilt nicht, soweit z.B. nach dem  Produkthaftungsgesetz oder in F\u00e4llen des Vorsatzes zwingend gehaftet  wird.<\/p>\n\n\n\n<p>Wir schlie\u00dfen hiermit alle Zusicherungen, Gew\u00e4hrleistungen,  Garantien oder sonstige Erkl\u00e4rungen in Bezug auf das Anbieten oder das  beabsichtigte Anbieten, eine nicht erfolgte Ausf\u00fchrung oder eine  versp\u00e4tete Ausf\u00fchrung von Serviceleistungen in Verbindung mit der  Website oder in Bezug auf Richtigkeit, Vollst\u00e4ndigkeit oder Aktualit\u00e4t  der Website aus.<\/p>\n\n\n\n<h2 class=\"wp-block-heading\"><strong>Anwendbares Recht<\/strong> <\/h2>\n\n\n\n<p> Diese Nutzungsbedingungen unterliegen \u00f6sterreichischem Recht.  Ausschlie\u00dflicher Gerichtsstand bei Streitfragen in Zusammenhang mit  diesen Nutzungsbedingungen ist Wien, \u00d6sterreich. <\/p>\n\n\n\n<h2 class=\"wp-block-heading\"><strong>Bildquellen<\/strong> <\/h2>\n\n\n\n<p>Dr. Christine Chaloupka<\/p>\n","protected":false},"excerpt":{"rendered":"<p>Wer wir sind Die Adresse unserer Website ist: http:\/\/localhost:8082. Welche personenbezogenen Daten wir sammeln und warum wir sie sammeln Kommentare Wenn Besucher Kommentare auf der Website schreiben, sammeln wir die Daten, die im Kommentar-Formular angezeigt werden, au\u00dferdem die IP-Adresse des Besuchers und den User-Agent-String (damit wird der Browser identifiziert), um die Erkennung von Spam zu [&hellip;]<\/p>\n","protected":false},"author":1,"featured_media":0,"parent":0,"menu_order":0,"comment_status":"closed","ping_status":"open","template":"","meta":{"footnotes":""},"class_list":["post-3","page","type-page","status-publish","hentry"],"_links":{"self":[{"href":"https:\/\/www.richal.at\/index.php?rest_route=\/wp\/v2\/pages\/3","targetHints":{"allow":["GET"]}}],"collection":[{"href":"https:\/\/www.richal.at\/index.php?rest_route=\/wp\/v2\/pages"}],"about":[{"href":"https:\/\/www.richal.at\/index.php?rest_route=\/wp\/v2\/types\/page"}],"author":[{"embeddable":true,"href":"https:\/\/www.richal.at\/index.php?rest_route=\/wp\/v2\/users\/1"}],"replies":[{"embeddable":true,"href":"https:\/\/www.richal.at\/index.php?rest_route=%2Fwp%2Fv2%2Fcomments&post=3"}],"version-history":[{"count":1,"href":"https:\/\/www.richal.at\/index.php?rest_route=\/wp\/v2\/pages\/3\/revisions"}],"predecessor-version":[{"id":178,"href":"https:\/\/www.richal.at\/index.php?rest_route=\/wp\/v2\/pages\/3\/revisions\/178"}],"wp:attachment":[{"href":"https:\/\/www.richal.at\/index.php?rest_route=%2Fwp%2Fv2%2Fmedia&parent=3"}],"curies":[{"name":"wp","href":"https:\/\/api.w.org\/{rel}","templated":true}]}}