{"id":51,"date":"2020-01-13T18:22:12","date_gmt":"2020-01-13T17:22:12","guid":{"rendered":"https:\/\/www.richal.at\/?page_id=51"},"modified":"2020-04-21T10:09:54","modified_gmt":"2020-04-21T08:09:54","slug":"mit-uns-arbeiten","status":"publish","type":"page","link":"https:\/\/www.richal.at\/","title":{"rendered":"Mit uns arbeiten"},"content":{"rendered":"\n<div class=\"wp-block-group\"><div class=\"wp-block-group__inner-container is-layout-flow wp-block-group-is-layout-flow\">\n<h3 class=\"has-text-align-center wp-block-heading\">RICHAL &#8211; RI<strong>sser<\/strong> &amp; CHAL<strong>oupka<\/strong><\/h3>\n\n\n\n<p class=\"has-text-align-center\">Schauen Sie sich auf unserer Website um und erfahren Sie, wer wir sind, was wir tun und wie wir ihnen behilflich sein k\u00f6nnen<\/p>\n<\/div><\/div>\n\n\n\n<div class=\"wp-block-group alignfull has-background\" style=\"background-color:#ebdce2\"><div class=\"wp-block-group__inner-container is-layout-flow wp-block-group-is-layout-flow\">\n<h2 class=\"has-text-color has-text-align-center wp-block-heading\" style=\"color:#000000\"> <strong>Unsere Palette ist vielf\u00e4ltig &#8211; ebenso wie unsere Expertise:<\/strong> <\/h2>\n\n\n\n<h3 class=\"has-text-align-center wp-block-heading\"><strong>Forschung, Diagnostik und Beratung<\/strong><\/h3>\n\n\n\n<ul class=\"wp-block-list\"><li>Sie haben \u00dcberlegungen dazu, wie eine qualit\u00e4tsvolle aktive Mobilit\u00e4t in unserem Land aussehen k\u00f6nnte.<strong> Sie ben\u00f6tigen daf\u00fcr DiskussionspartnerInnen, MentorInnen, SupervisorInnen oder ReferentInnen bei Fachkongressen? <\/strong><\/li><\/ul>\n\n\n\n<ul class=\"wp-block-list\"><li>Oder aber <strong>Sie sind Facharzt f\u00fcr Neurologie\/Psychiatrie <\/strong>und<strong> ben\u00f6tigen eine (verkehrs)psychologische Expertise hinsichtlich der psychophysischen Leistungsqualit\u00e4t von KlientInnen.<\/strong><\/li><\/ul>\n\n\n\n<ul class=\"wp-block-list\"><li>Sie ben\u00f6tigen ein<strong> Waffenverl\u00e4sslichkeitsuntersuchung? <\/strong>Auch hier sind Sie richtig bei uns.<strong> <\/strong><\/li><\/ul>\n\n\n\n<p style=\"color:#000000\" class=\"has-text-color\">Wir freuen uns von Ihnen zu h\u00f6ren und \u00fcber eine m\u00f6gliche Zusammenarbeit zu sprechen. Kontaktieren Sie uns und wir finden gemeinsam heraus, wie wir Sie unterst\u00fctzen k\u00f6nnen.<\/p>\n<\/div><\/div>\n\n\n\n<h3 class=\"wp-block-heading\">Wie k\u00f6nnen Sie uns erreichen<\/h3>\n\n\n\n<p>Wir sind per <strong>mail erreichbar oder telefonisch<\/strong> &#8211; und vereinbaren gerne einen <strong>Termin individuell<\/strong> mit Ihnen &#8211; siehe Kontakt. <\/p>\n\n\n\n<h3 class=\"wp-block-heading\">Wo k\u00f6nnen Sie uns erreichen<\/h3>\n\n\n\n<ul class=\"wp-block-list\"><li>Bez\u00fcglich <strong>Kooperation in den Bereichen Forschung, Mentoring, etc<\/strong>. sind wir <strong>\u00f6rtlich flexibel.<\/strong> Wir treffen uns gerne auch ausserhalb unserer B\u00fcror\u00e4umlichkeiten, ev. zum Lokalaugenschein.<\/li><\/ul>\n\n\n\n<ul class=\"wp-block-list\"><li><strong>Testungen und Beratungen im Verkehrspsychologischen Feld<\/strong> mit neurologisch\/psychiatrischem Schwerpunkt oder zur <strong>Waffenverl\u00e4sslichkeit<\/strong> finden statt in<ul><li><strong>1190 Wien, Barawitzkagasse 15<\/strong><\/li><\/ul><\/li><\/ul>\n\n\n\n<p><\/p>\n","protected":false},"excerpt":{"rendered":"<p>RICHAL &#8211; RIsser &amp; CHALoupka Schauen Sie sich auf unserer Website um und erfahren Sie, wer wir sind, was wir tun und wie wir ihnen behilflich sein k\u00f6nnen Unsere Palette ist vielf\u00e4ltig &#8211; ebenso wie unsere Expertise: Forschung, Diagnostik und Beratung Sie haben \u00dcberlegungen dazu, wie eine qualit\u00e4tsvolle aktive Mobilit\u00e4t in unserem Land aussehen k\u00f6nnte. [&hellip;]<\/p>\n","protected":false},"author":1,"featured_media":0,"parent":0,"menu_order":0,"comment_status":"closed","ping_status":"closed","template":"","meta":{"footnotes":""},"class_list":["post-51","page","type-page","status-publish","hentry"],"_links":{"self":[{"href":"https:\/\/www.richal.at\/index.php?rest_route=\/wp\/v2\/pages\/51","targetHints":{"allow":["GET"]}}],"collection":[{"href":"https:\/\/www.richal.at\/index.php?rest_route=\/wp\/v2\/pages"}],"about":[{"href":"https:\/\/www.richal.at\/index.php?rest_route=\/wp\/v2\/types\/page"}],"author":[{"embeddable":true,"href":"https:\/\/www.richal.at\/index.php?rest_route=\/wp\/v2\/users\/1"}],"replies":[{"embeddable":true,"href":"https:\/\/www.richal.at\/index.php?rest_route=%2Fwp%2Fv2%2Fcomments&post=51"}],"version-history":[{"count":11,"href":"https:\/\/www.richal.at\/index.php?rest_route=\/wp\/v2\/pages\/51\/revisions"}],"predecessor-version":[{"id":187,"href":"https:\/\/www.richal.at\/index.php?rest_route=\/wp\/v2\/pages\/51\/revisions\/187"}],"wp:attachment":[{"href":"https:\/\/www.richal.at\/index.php?rest_route=%2Fwp%2Fv2%2Fmedia&parent=51"}],"curies":[{"name":"wp","href":"https:\/\/api.w.org\/{rel}","templated":true}]}}