{"id":56,"date":"2020-01-13T18:33:43","date_gmt":"2020-01-13T17:33:43","guid":{"rendered":"https:\/\/www.richal.at\/?page_id=56"},"modified":"2020-02-01T11:00:49","modified_gmt":"2020-02-01T10:00:49","slug":"unsere-motivation","status":"publish","type":"page","link":"https:\/\/www.richal.at\/?page_id=56","title":{"rendered":"Unsere Motivation"},"content":{"rendered":"\n<div class=\"wp-block-media-text alignwide has-media-on-the-right is-image-fill\" style=\"grid-template-columns:auto 56%\"><figure class=\"wp-block-media-text__media\" style=\"background-image:url(https:\/\/www.richal.at\/wp-content\/uploads\/2020\/01\/DSC04136.jpg);background-position:50% 50%\"><img loading=\"lazy\" decoding=\"async\" width=\"1000\" height=\"750\" src=\"https:\/\/www.richal.at\/wp-content\/uploads\/2020\/01\/DSC04136.jpg\" alt=\"\" class=\"wp-image-38\" srcset=\"https:\/\/www.richal.at\/wp-content\/uploads\/2020\/01\/DSC04136.jpg 1000w, https:\/\/www.richal.at\/wp-content\/uploads\/2020\/01\/DSC04136-300x225.jpg 300w, https:\/\/www.richal.at\/wp-content\/uploads\/2020\/01\/DSC04136-768x576.jpg 768w\" sizes=\"auto, (max-width: 1000px) 100vw, 1000px\" \/><\/figure><div class=\"wp-block-media-text__content\">\n<p class=\"has-text-color has-background has-large-font-size has-primary-color has-background-background-color\">Das Zusammenleben im \u00f6ffentlichen Raum, im Speziellen im Stra\u00dfenverkehr erscheint uns verbesserungsw\u00fcrdig. Die Lebensqualit\u00e4t vor allem f\u00fcr die &#8222;schw\u00e4cheren VerkehrsteilnehmerInnen&#8220;, SeniorInnen, Kinder, zu erh\u00f6hen ist uns ein gro\u00dfes Anliegen<\/p>\n\n\n\n<div class=\"wp-block-button\"><a class=\"wp-block-button__link has-background has-accent-background-color\" href=\"\">mehr LESEN<\/a><\/div>\n\n\n\n<p><\/p>\n<\/div><\/div>\n\n\n\n<p><\/p>\n","protected":false},"excerpt":{"rendered":"","protected":false},"author":1,"featured_media":0,"parent":0,"menu_order":0,"comment_status":"closed","ping_status":"closed","template":"","meta":{"footnotes":""},"class_list":["post-56","page","type-page","status-publish","hentry"],"_links":{"self":[{"href":"https:\/\/www.richal.at\/index.php?rest_route=\/wp\/v2\/pages\/56","targetHints":{"allow":["GET"]}}],"collection":[{"href":"https:\/\/www.richal.at\/index.php?rest_route=\/wp\/v2\/pages"}],"about":[{"href":"https:\/\/www.richal.at\/index.php?rest_route=\/wp\/v2\/types\/page"}],"author":[{"embeddable":true,"href":"https:\/\/www.richal.at\/index.php?rest_route=\/wp\/v2\/users\/1"}],"replies":[{"embeddable":true,"href":"https:\/\/www.richal.at\/index.php?rest_route=%2Fwp%2Fv2%2Fcomments&post=56"}],"version-history":[{"count":5,"href":"https:\/\/www.richal.at\/index.php?rest_route=\/wp\/v2\/pages\/56\/revisions"}],"predecessor-version":[{"id":143,"href":"https:\/\/www.richal.at\/index.php?rest_route=\/wp\/v2\/pages\/56\/revisions\/143"}],"wp:attachment":[{"href":"https:\/\/www.richal.at\/index.php?rest_route=%2Fwp%2Fv2%2Fmedia&parent=56"}],"curies":[{"name":"wp","href":"https:\/\/api.w.org\/{rel}","templated":true}]}}