{"id":60,"date":"2020-01-13T18:47:45","date_gmt":"2020-01-13T17:47:45","guid":{"rendered":"https:\/\/www.richal.at\/?page_id=60"},"modified":"2020-02-01T13:28:18","modified_gmt":"2020-02-01T12:28:18","slug":"lernen-sie-uns-kennen","status":"publish","type":"page","link":"https:\/\/www.richal.at\/?page_id=60","title":{"rendered":"Lernen Sie uns kennen"},"content":{"rendered":"\n<div class=\"wp-block-media-text alignwide\"><figure class=\"wp-block-media-text__media\"><img loading=\"lazy\" decoding=\"async\" width=\"1000\" height=\"750\" src=\"https:\/\/www.richal.at\/wp-content\/uploads\/2020\/01\/DSCN3891.jpg\" alt=\"\" class=\"wp-image-43\" srcset=\"https:\/\/www.richal.at\/wp-content\/uploads\/2020\/01\/DSCN3891.jpg 1000w, https:\/\/www.richal.at\/wp-content\/uploads\/2020\/01\/DSCN3891-300x225.jpg 300w, https:\/\/www.richal.at\/wp-content\/uploads\/2020\/01\/DSCN3891-768x576.jpg 768w\" sizes=\"auto, (max-width: 1000px) 100vw, 1000px\" \/><\/figure><div class=\"wp-block-media-text__content\">\n<h2 class=\"wp-block-heading\">Wir wandern gerne und reisen gerne mit der Bahn<\/h2>\n\n\n\n<figure class=\"wp-block-image size-large\"><img loading=\"lazy\" decoding=\"async\" width=\"1000\" height=\"750\" src=\"https:\/\/www.richal.at\/wp-content\/uploads\/2020\/01\/DSC03497.jpg\" alt=\"\" class=\"wp-image-123\" srcset=\"https:\/\/www.richal.at\/wp-content\/uploads\/2020\/01\/DSC03497.jpg 1000w, https:\/\/www.richal.at\/wp-content\/uploads\/2020\/01\/DSC03497-300x225.jpg 300w, https:\/\/www.richal.at\/wp-content\/uploads\/2020\/01\/DSC03497-768x576.jpg 768w\" sizes=\"auto, (max-width: 1000px) 100vw, 1000px\" \/><\/figure>\n\n\n\n<p>Wir sind immer mobil &#8211; rund um den Globus &#8211; kein Umfeld ist uns zu beschwerlich, um es zu begehen. Das bringt Erfahrung und f\u00f6rdert die Kooperation mit KollegInnen und Mitmenschen international.<\/p>\n<\/div><\/div>\n\n\n\n<div class=\"wp-block-cover alignfull has-background-dim-70 has-primary-background-color has-background-dim\" style=\"background-image:url(https:\/\/www.richal.at\/wp-content\/uploads\/2020\/01\/DSC07360.jpg);min-height:844px;aspect-ratio:unset;\"><div class=\"wp-block-cover__inner-container is-layout-flow wp-block-cover-is-layout-flow\">\n<div class=\"wp-block-media-text alignfull has-media-on-the-right\" style=\"grid-template-columns:auto 41%\"><figure class=\"wp-block-media-text__media\"><img loading=\"lazy\" decoding=\"async\" width=\"750\" height=\"1000\" src=\"https:\/\/www.richal.at\/wp-content\/uploads\/2020\/01\/DSC06483.jpg\" alt=\"\" class=\"wp-image-125\" srcset=\"https:\/\/www.richal.at\/wp-content\/uploads\/2020\/01\/DSC06483.jpg 750w, https:\/\/www.richal.at\/wp-content\/uploads\/2020\/01\/DSC06483-225x300.jpg 225w\" sizes=\"auto, (max-width: 750px) 100vw, 750px\" \/><\/figure><div class=\"wp-block-media-text__content\">\n<h2 class=\"wp-block-heading\">Unsere Projekte<\/h2>\n\n\n\n<p><strong>Wie arbeiteten stets an verschiedenen Projekten, ob in Forschung oder Diagnostik &#8211; internationale Kontakte waren hier sehr hilfreich und fruchtbar.  Speziell die Mobilit\u00e4tsbed\u00fcrfnisse von Menschen mit besonderen Bed\u00fcrfnissen (Sicht- oder bewegungseingeschr\u00e4nkte Mitmenschen) wecken unser Interesse. Hier Bilder aus S\u00fcdafrika mit TeilnehmerInnen einer Blindenschule in Worcester unter Kooperation der Universit\u00e4t Stellenbosh.<\/strong><\/p>\n\n\n\n<figure class=\"wp-block-image size-large is-resized is-style-circle-mask\"><img loading=\"lazy\" decoding=\"async\" src=\"https:\/\/www.richal.at\/wp-content\/uploads\/2020\/01\/DSC06488-1.jpg\" alt=\"\" class=\"wp-image-129\" width=\"445\" height=\"593\" srcset=\"https:\/\/www.richal.at\/wp-content\/uploads\/2020\/01\/DSC06488-1.jpg 750w, https:\/\/www.richal.at\/wp-content\/uploads\/2020\/01\/DSC06488-1-225x300.jpg 225w\" sizes=\"auto, (max-width: 445px) 100vw, 445px\" \/><\/figure>\n<\/div><\/div>\n<\/div><\/div>\n\n\n\n<h3 class=\"wp-block-heading\">Portfolio aus internationalen Kontakten &#8211; Beispiele:<\/h3>\n\n\n\n<h4 class=\"wp-block-heading\">ASI &#8211; <a href=\"http:\/\/www.richal.at\/asi\">http:\/\/www.richal.at\/asi<\/a><\/h4>\n\n\n\n<h4 class=\"wp-block-heading\">HOTEL &#8211; <a href=\"http:\/\/www.richal.at\/hotel\">http:\/\/www.richal.at\/hotel<\/a><\/h4>\n\n\n\n<figure class=\"wp-block-gallery alignwide columns-2 is-cropped wp-block-gallery-1 is-layout-flex wp-block-gallery-is-layout-flex\"><ul class=\"blocks-gallery-grid\"><li class=\"blocks-gallery-item\"><figure><img loading=\"lazy\" decoding=\"async\" width=\"1000\" height=\"750\" src=\"https:\/\/www.richal.at\/wp-content\/uploads\/2020\/01\/Rio-und-Strassenbahn-nach-Favela-St-Tereza-017.jpg\" alt=\"\" data-id=\"44\" data-full-url=\"https:\/\/www.richal.at\/wp-content\/uploads\/2020\/01\/Rio-und-Strassenbahn-nach-Favela-St-Tereza-017.jpg\" data-link=\"https:\/\/www.richal.at\/?attachment_id=44\" class=\"wp-image-44\" srcset=\"https:\/\/www.richal.at\/wp-content\/uploads\/2020\/01\/Rio-und-Strassenbahn-nach-Favela-St-Tereza-017.jpg 1000w, https:\/\/www.richal.at\/wp-content\/uploads\/2020\/01\/Rio-und-Strassenbahn-nach-Favela-St-Tereza-017-300x225.jpg 300w, https:\/\/www.richal.at\/wp-content\/uploads\/2020\/01\/Rio-und-Strassenbahn-nach-Favela-St-Tereza-017-768x576.jpg 768w\" sizes=\"auto, (max-width: 1000px) 100vw, 1000px\" \/><\/figure><\/li><li class=\"blocks-gallery-item\"><figure><img loading=\"lazy\" decoding=\"async\" width=\"750\" height=\"1000\" src=\"https:\/\/www.richal.at\/wp-content\/uploads\/2020\/01\/DSC06072.jpg\" alt=\"\" data-id=\"39\" data-full-url=\"https:\/\/www.richal.at\/wp-content\/uploads\/2020\/01\/DSC06072.jpg\" data-link=\"https:\/\/www.richal.at\/?attachment_id=39\" class=\"wp-image-39\" srcset=\"https:\/\/www.richal.at\/wp-content\/uploads\/2020\/01\/DSC06072.jpg 750w, https:\/\/www.richal.at\/wp-content\/uploads\/2020\/01\/DSC06072-225x300.jpg 225w\" sizes=\"auto, (max-width: 750px) 100vw, 750px\" \/><\/figure><\/li><\/ul><\/figure>\n\n\n\n<p><strong>Ob Rio <\/strong>                                                                         <strong> oder Bremen<\/strong><\/p>\n\n\n\n<p>Nur zu Fu\u00df kann neben dem Hirn auch das Herz teilhaben an der Umwelt, den Menschen vor Ort. Damit sind Voraussetzungen geschaffen f\u00fcr neue Kontakte von Mensch zu Mensch &#8211; auf gleicher Augenh\u00f6he.<\/p>\n\n\n\n<p>Wir konnten dies reichlich n\u00fctzen f\u00fcr unsere Arbeit und das Leben daheim, f\u00fcr das Verst\u00e4ndnis betreffend vieler Gegebenheiten in unserer Verkehrsumwelt und deren m\u00f6glichen Beeinflussung &#8211; immer die Mobilit\u00e4tserhaltung im Fokus &#8211; f\u00fcr Jung und Alt, Frau und Mann.<\/p>\n","protected":false},"excerpt":{"rendered":"<p>Portfolio aus internationalen Kontakten &#8211; Beispiele: ASI &#8211; http:\/\/www.richal.at\/asi HOTEL &#8211; http:\/\/www.richal.at\/hotel Ob Rio oder Bremen Nur zu Fu\u00df kann neben dem Hirn auch das Herz teilhaben an der Umwelt, den Menschen vor Ort. Damit sind Voraussetzungen geschaffen f\u00fcr neue Kontakte von Mensch zu Mensch &#8211; auf gleicher Augenh\u00f6he. Wir konnten dies reichlich n\u00fctzen f\u00fcr [&hellip;]<\/p>\n","protected":false},"author":1,"featured_media":0,"parent":0,"menu_order":0,"comment_status":"closed","ping_status":"closed","template":"","meta":{"footnotes":""},"class_list":["post-60","page","type-page","status-publish","hentry"],"_links":{"self":[{"href":"https:\/\/www.richal.at\/index.php?rest_route=\/wp\/v2\/pages\/60","targetHints":{"allow":["GET"]}}],"collection":[{"href":"https:\/\/www.richal.at\/index.php?rest_route=\/wp\/v2\/pages"}],"about":[{"href":"https:\/\/www.richal.at\/index.php?rest_route=\/wp\/v2\/types\/page"}],"author":[{"embeddable":true,"href":"https:\/\/www.richal.at\/index.php?rest_route=\/wp\/v2\/users\/1"}],"replies":[{"embeddable":true,"href":"https:\/\/www.richal.at\/index.php?rest_route=%2Fwp%2Fv2%2Fcomments&post=60"}],"version-history":[{"count":13,"href":"https:\/\/www.richal.at\/index.php?rest_route=\/wp\/v2\/pages\/60\/revisions"}],"predecessor-version":[{"id":156,"href":"https:\/\/www.richal.at\/index.php?rest_route=\/wp\/v2\/pages\/60\/revisions\/156"}],"wp:attachment":[{"href":"https:\/\/www.richal.at\/index.php?rest_route=%2Fwp%2Fv2%2Fmedia&parent=60"}],"curies":[{"name":"wp","href":"https:\/\/api.w.org\/{rel}","templated":true}]}}